{"id":287,"date":"2025-03-29T16:48:43","date_gmt":"2025-03-29T15:48:43","guid":{"rendered":"https:\/\/www.dev.septem-decolletage.com\/?page_id=287"},"modified":"2025-03-29T16:49:11","modified_gmt":"2025-03-29T15:49:11","slug":"cookie","status":"publish","type":"page","link":"https:\/\/www.dev.septem-decolletage.com\/en\/cookie\/","title":{"rendered":"Cookie"},"content":{"rendered":"<div data-elementor-type=\"wp-page\" data-elementor-id=\"287\" class=\"elementor elementor-287\">\n\t\t\t\t<div class=\"elementor-element elementor-element-508725c e-flex e-con-boxed e-con e-parent\" data-id=\"508725c\" data-element_type=\"container\">\n\t\t\t\t\t<div class=\"e-con-inner\">\n\t\t\t\t<div class=\"elementor-element elementor-element-22ff2e9 elementor-widget elementor-widget-heading\" data-id=\"22ff2e9\" data-element_type=\"widget\" data-widget_type=\"heading.default\">\n\t\t\t\t<div class=\"elementor-widget-container\">\n\t\t\t\t\t<h2 class=\"elementor-heading-title elementor-size-default\">G\u00e9rer vos pr\u00e9f\u00e9rences de cookie<\/h2>\t\t\t\t<\/div>\n\t\t\t\t<\/div>\n\t\t\t\t\t<\/div>\n\t\t\t\t<\/div>\n\t\t\t\t<\/div>","protected":false},"excerpt":{"rendered":"<p>G\u00e9rer vos pr\u00e9f\u00e9rences de cookie<\/p>","protected":false},"author":1,"featured_media":0,"parent":0,"menu_order":0,"comment_status":"closed","ping_status":"closed","template":"","meta":{"site-sidebar-layout":"no-sidebar","site-content-layout":"","ast-site-content-layout":"full-width-container","site-content-style":"default","site-sidebar-style":"default","ast-global-header-display":"","ast-banner-title-visibility":"","ast-main-header-display":"","ast-hfb-above-header-display":"","ast-hfb-below-header-display":"","ast-hfb-mobile-header-display":"","site-post-title":"disabled","ast-breadcrumbs-content":"","ast-featured-img":"disabled","footer-sml-layout":"","theme-transparent-header-meta":"","adv-header-id-meta":"","stick-header-meta":"","header-above-stick-meta":"","header-main-stick-meta":"","header-below-stick-meta":"","astra-migrate-meta-layouts":"default","ast-page-background-enabled":"default","ast-page-background-meta":{"desktop":{"background-color":"var(--ast-global-color-5)","background-image":"","background-repeat":"repeat","background-position":"center center","background-size":"auto","background-attachment":"scroll","background-type":"","background-media":"","overlay-type":"","overlay-color":"","overlay-opacity":"","overlay-gradient":""},"tablet":{"background-color":"","background-image":"","background-repeat":"repeat","background-position":"center center","background-size":"auto","background-attachment":"scroll","background-type":"","background-media":"","overlay-type":"","overlay-color":"","overlay-opacity":"","overlay-gradient":""},"mobile":{"background-color":"","background-image":"","background-repeat":"repeat","background-position":"center center","background-size":"auto","background-attachment":"scroll","background-type":"","background-media":"","overlay-type":"","overlay-color":"","overlay-opacity":"","overlay-gradient":""}},"ast-content-background-meta":{"desktop":{"background-color":"var(--ast-global-color-4)","background-image":"","background-repeat":"repeat","background-position":"center center","background-size":"auto","background-attachment":"scroll","background-type":"","background-media":"","overlay-type":"","overlay-color":"","overlay-opacity":"","overlay-gradient":""},"tablet":{"background-color":"var(--ast-global-color-4)","background-image":"","background-repeat":"repeat","background-position":"center center","background-size":"auto","background-attachment":"scroll","background-type":"","background-media":"","overlay-type":"","overlay-color":"","overlay-opacity":"","overlay-gradient":""},"mobile":{"background-color":"var(--ast-global-color-4)","background-image":"","background-repeat":"repeat","background-position":"center center","background-size":"auto","background-attachment":"scroll","background-type":"","background-media":"","overlay-type":"","overlay-color":"","overlay-opacity":"","overlay-gradient":""}},"footnotes":""},"class_list":["post-287","page","type-page","status-publish","hentry"],"yoast_head":"<!-- This site is optimized with the Yoast SEO plugin v25.1 - https:\/\/yoast.com\/wordpress\/plugins\/seo\/ -->\n<title>Cookie - Septem<\/title>\n<meta name=\"robots\" content=\"noindex, follow, max-snippet:-1, max-image-preview:large, max-video-preview:-1\" \/>\n<meta property=\"og:locale\" content=\"en_US\" \/>\n<meta property=\"og:type\" content=\"article\" \/>\n<meta property=\"og:title\" content=\"Cookie - Septem\" \/>\n<meta property=\"og:description\" content=\"G\u00e9rer vos pr\u00e9f\u00e9rences de cookie\" \/>\n<meta property=\"og:url\" content=\"https:\/\/www.dev.septem-decolletage.com\/en\/cookie\/\" \/>\n<meta property=\"og:site_name\" content=\"Septem\" \/>\n<meta property=\"article:modified_time\" content=\"2025-03-29T15:49:11+00:00\" \/>\n<meta name=\"twitter:card\" content=\"summary_large_image\" \/>\n<meta name=\"twitter:label1\" content=\"Est. reading time\" \/>\n\t<meta name=\"twitter:data1\" content=\"1 minute\" \/>\n<script type=\"application\/ld+json\" class=\"yoast-schema-graph\">{\"@context\":\"https:\/\/schema.org\",\"@graph\":[{\"@type\":\"WebPage\",\"@id\":\"https:\/\/www.dev.septem-decolletage.com\/cookie\/\",\"url\":\"https:\/\/www.dev.septem-decolletage.com\/cookie\/\",\"name\":\"Cookie - Septem\",\"isPartOf\":{\"@id\":\"https:\/\/www.dev.septem-decolletage.com\/#website\"},\"datePublished\":\"2025-03-29T15:48:43+00:00\",\"dateModified\":\"2025-03-29T15:49:11+00:00\",\"breadcrumb\":{\"@id\":\"https:\/\/www.dev.septem-decolletage.com\/cookie\/#breadcrumb\"},\"inLanguage\":\"en-US\",\"potentialAction\":[{\"@type\":\"ReadAction\",\"target\":[\"https:\/\/www.dev.septem-decolletage.com\/cookie\/\"]}]},{\"@type\":\"BreadcrumbList\",\"@id\":\"https:\/\/www.dev.septem-decolletage.com\/cookie\/#breadcrumb\",\"itemListElement\":[{\"@type\":\"ListItem\",\"position\":1,\"name\":\"Accueil\",\"item\":\"https:\/\/www.dev.septem-decolletage.com\/\"},{\"@type\":\"ListItem\",\"position\":2,\"name\":\"Cookie\"}]},{\"@type\":\"WebSite\",\"@id\":\"https:\/\/www.dev.septem-decolletage.com\/#website\",\"url\":\"https:\/\/www.dev.septem-decolletage.com\/\",\"name\":\"Septem\",\"description\":\"D\u00e9colletage\",\"publisher\":{\"@id\":\"https:\/\/www.dev.septem-decolletage.com\/#organization\"},\"potentialAction\":[{\"@type\":\"SearchAction\",\"target\":{\"@type\":\"EntryPoint\",\"urlTemplate\":\"https:\/\/www.dev.septem-decolletage.com\/?s={search_term_string}\"},\"query-input\":{\"@type\":\"PropertyValueSpecification\",\"valueRequired\":true,\"valueName\":\"search_term_string\"}}],\"inLanguage\":\"en-US\"},{\"@type\":\"Organization\",\"@id\":\"https:\/\/www.dev.septem-decolletage.com\/#organization\",\"name\":\"Septem\",\"url\":\"https:\/\/www.dev.septem-decolletage.com\/\",\"logo\":{\"@type\":\"ImageObject\",\"inLanguage\":\"en-US\",\"@id\":\"https:\/\/www.dev.septem-decolletage.com\/#\/schema\/logo\/image\/\",\"url\":\"https:\/\/www.dev.septem-decolletage.com\/wp-content\/uploads\/2025\/05\/cropped-septem_mecaero.png\",\"contentUrl\":\"https:\/\/www.dev.septem-decolletage.com\/wp-content\/uploads\/2025\/05\/cropped-septem_mecaero.png\",\"width\":500,\"height\":232,\"caption\":\"Septem\"},\"image\":{\"@id\":\"https:\/\/www.dev.septem-decolletage.com\/#\/schema\/logo\/image\/\"}}]}<\/script>\n<!-- \/ Yoast SEO plugin. -->","yoast_head_json":{"title":"Cookie - Septem","robots":{"index":"noindex","follow":"follow","max-snippet":"max-snippet:-1","max-image-preview":"max-image-preview:large","max-video-preview":"max-video-preview:-1"},"og_locale":"en_US","og_type":"article","og_title":"Cookie - Septem","og_description":"G\u00e9rer vos pr\u00e9f\u00e9rences de cookie","og_url":"https:\/\/www.dev.septem-decolletage.com\/en\/cookie\/","og_site_name":"Septem","article_modified_time":"2025-03-29T15:49:11+00:00","twitter_card":"summary_large_image","twitter_misc":{"Est. reading time":"1 minute"},"schema":{"@context":"https:\/\/schema.org","@graph":[{"@type":"WebPage","@id":"https:\/\/www.dev.septem-decolletage.com\/cookie\/","url":"https:\/\/www.dev.septem-decolletage.com\/cookie\/","name":"Cookie - Septem","isPartOf":{"@id":"https:\/\/www.dev.septem-decolletage.com\/#website"},"datePublished":"2025-03-29T15:48:43+00:00","dateModified":"2025-03-29T15:49:11+00:00","breadcrumb":{"@id":"https:\/\/www.dev.septem-decolletage.com\/cookie\/#breadcrumb"},"inLanguage":"en-US","potentialAction":[{"@type":"ReadAction","target":["https:\/\/www.dev.septem-decolletage.com\/cookie\/"]}]},{"@type":"BreadcrumbList","@id":"https:\/\/www.dev.septem-decolletage.com\/cookie\/#breadcrumb","itemListElement":[{"@type":"ListItem","position":1,"name":"Accueil","item":"https:\/\/www.dev.septem-decolletage.com\/"},{"@type":"ListItem","position":2,"name":"Cookie"}]},{"@type":"WebSite","@id":"https:\/\/www.dev.septem-decolletage.com\/#website","url":"https:\/\/www.dev.septem-decolletage.com\/","name":"Septem","description":"D\u00e9colletage","publisher":{"@id":"https:\/\/www.dev.septem-decolletage.com\/#organization"},"potentialAction":[{"@type":"SearchAction","target":{"@type":"EntryPoint","urlTemplate":"https:\/\/www.dev.septem-decolletage.com\/?s={search_term_string}"},"query-input":{"@type":"PropertyValueSpecification","valueRequired":true,"valueName":"search_term_string"}}],"inLanguage":"en-US"},{"@type":"Organization","@id":"https:\/\/www.dev.septem-decolletage.com\/#organization","name":"Septem","url":"https:\/\/www.dev.septem-decolletage.com\/","logo":{"@type":"ImageObject","inLanguage":"en-US","@id":"https:\/\/www.dev.septem-decolletage.com\/#\/schema\/logo\/image\/","url":"https:\/\/www.dev.septem-decolletage.com\/wp-content\/uploads\/2025\/05\/cropped-septem_mecaero.png","contentUrl":"https:\/\/www.dev.septem-decolletage.com\/wp-content\/uploads\/2025\/05\/cropped-septem_mecaero.png","width":500,"height":232,"caption":"Septem"},"image":{"@id":"https:\/\/www.dev.septem-decolletage.com\/#\/schema\/logo\/image\/"}}]}},"_links":{"self":[{"href":"https:\/\/www.dev.septem-decolletage.com\/en\/wp-json\/wp\/v2\/pages\/287","targetHints":{"allow":["GET"]}}],"collection":[{"href":"https:\/\/www.dev.septem-decolletage.com\/en\/wp-json\/wp\/v2\/pages"}],"about":[{"href":"https:\/\/www.dev.septem-decolletage.com\/en\/wp-json\/wp\/v2\/types\/page"}],"author":[{"embeddable":true,"href":"https:\/\/www.dev.septem-decolletage.com\/en\/wp-json\/wp\/v2\/users\/1"}],"replies":[{"embeddable":true,"href":"https:\/\/www.dev.septem-decolletage.com\/en\/wp-json\/wp\/v2\/comments?post=287"}],"version-history":[{"count":0,"href":"https:\/\/www.dev.septem-decolletage.com\/en\/wp-json\/wp\/v2\/pages\/287\/revisions"}],"wp:attachment":[{"href":"https:\/\/www.dev.septem-decolletage.com\/en\/wp-json\/wp\/v2\/media?parent=287"}],"curies":[{"name":"wp","href":"https:\/\/api.w.org\/{rel}","templated":true}]}}