{"id":297,"date":"2025-03-29T16:51:20","date_gmt":"2025-03-29T15:51:20","guid":{"rendered":"https:\/\/www.dev.septem-decolletage.com\/?page_id=297"},"modified":"2025-05-14T22:29:48","modified_gmt":"2025-05-14T20:29:48","slug":"mentions-legales","status":"publish","type":"page","link":"https:\/\/www.dev.septem-decolletage.com\/en\/mentions-legales\/","title":{"rendered":"Mentions l\u00e9gales"},"content":{"rendered":"<div data-elementor-type=\"wp-page\" data-elementor-id=\"297\" class=\"elementor elementor-297\">\n\t\t\t\t<div class=\"elementor-element elementor-element-32c0b68 e-flex e-con-boxed e-con e-parent\" data-id=\"32c0b68\" data-element_type=\"container\">\n\t\t\t\t\t<div class=\"e-con-inner\">\n\t\t\t\t<div class=\"elementor-element elementor-element-8a41efa elementor-widget elementor-widget-heading\" data-id=\"8a41efa\" data-element_type=\"widget\" data-widget_type=\"heading.default\">\n\t\t\t\t<div class=\"elementor-widget-container\">\n\t\t\t\t\t<h2 class=\"elementor-heading-title elementor-size-default\">Mentions l\u00e9gales<\/h2>\t\t\t\t<\/div>\n\t\t\t\t<\/div>\n\t\t\t\t\t<\/div>\n\t\t\t\t<\/div>\n\t\t<div class=\"elementor-element elementor-element-7b7695e e-flex e-con-boxed e-con e-parent\" data-id=\"7b7695e\" data-element_type=\"container\">\n\t\t\t\t\t<div class=\"e-con-inner\">\n\t\t<div class=\"elementor-element elementor-element-7789a6a e-con-full e-flex e-con e-child\" data-id=\"7789a6a\" data-element_type=\"container\">\n\t\t\t\t<div class=\"elementor-element elementor-element-42f8ea2 elementor-widget elementor-widget-heading\" data-id=\"42f8ea2\" data-element_type=\"widget\" data-widget_type=\"heading.default\">\n\t\t\t\t<div class=\"elementor-widget-container\">\n\t\t\t\t\t<h2 class=\"elementor-heading-title elementor-size-default\">1. Informations l\u00e9gales<\/h2>\t\t\t\t<\/div>\n\t\t\t\t<\/div>\n\t\t\t\t<div class=\"elementor-element elementor-element-e08a79d elementor-widget elementor-widget-text-editor\" data-id=\"e08a79d\" data-element_type=\"widget\" data-widget_type=\"text-editor.default\">\n\t\t\t\t<div class=\"elementor-widget-container\">\n\t\t\t\t\t\t\t\t\t<p class=\"\" data-start=\"146\" data-end=\"534\"><strong data-start=\"146\" data-end=\"167\">Nom de la soci\u00e9t\u00e9<\/strong> : Septem d\u00e9colletage<br data-start=\"189\" data-end=\"192\" \/><strong data-start=\"192\" data-end=\"211\">Forme juridique<\/strong> : SARL<br data-start=\"218\" data-end=\"221\" \/><strong data-start=\"221\" data-end=\"248\">Adresse du si\u00e8ge social<\/strong> : 51 rue des bois, 41400 Montrichard\u00a0<br data-start=\"269\" data-end=\"272\" \/><strong data-start=\"272\" data-end=\"290\">Capital social<\/strong> : 100 000,00 \u20ac<br data-start=\"322\" data-end=\"325\" \/><strong data-start=\"325\" data-end=\"353\">Num\u00e9ro d\u2019immatriculation<\/strong> : 49539364700021<br data-start=\"370\" data-end=\"373\" \/><strong data-start=\"373\" data-end=\"380\">RCS<\/strong> : 495 393 647 R.C.S. Blois<\/p><p><strong data-start=\"411\" data-end=\"444\">Responsable de la publication<\/strong> : &#8230; COURTAULT<br \/><strong data-start=\"470\" data-end=\"481\">Contact<\/strong> : contact@septem-decolletage.com ou <a href=\"https:\/\/www.dev.septem-decolletage.com\/contact\/\">via notre formulaire<\/a><\/p>\t\t\t\t\t\t\t\t<\/div>\n\t\t\t\t<\/div>\n\t\t\t\t<div class=\"elementor-element elementor-element-bea631b elementor-widget-divider--view-line elementor-widget elementor-widget-divider\" data-id=\"bea631b\" data-element_type=\"widget\" data-widget_type=\"divider.default\">\n\t\t\t\t<div class=\"elementor-widget-container\">\n\t\t\t\t\t\t\t<div class=\"elementor-divider\">\n\t\t\t<span class=\"elementor-divider-separator\">\n\t\t\t\t\t\t<\/span>\n\t\t<\/div>\n\t\t\t\t\t\t<\/div>\n\t\t\t\t<\/div>\n\t\t\t\t<\/div>\n\t\t<div class=\"elementor-element elementor-element-4df1e48 e-con-full e-flex e-con e-child\" data-id=\"4df1e48\" data-element_type=\"container\">\n\t\t\t\t<div class=\"elementor-element elementor-element-4c73874 elementor-widget elementor-widget-heading\" data-id=\"4c73874\" data-element_type=\"widget\" data-widget_type=\"heading.default\">\n\t\t\t\t<div class=\"elementor-widget-container\">\n\t\t\t\t\t<h2 class=\"elementor-heading-title elementor-size-default\">2. H\u00e9bergement<\/h2>\t\t\t\t<\/div>\n\t\t\t\t<\/div>\n\t\t\t\t<div class=\"elementor-element elementor-element-717b7df elementor-widget elementor-widget-text-editor\" data-id=\"717b7df\" data-element_type=\"widget\" data-widget_type=\"text-editor.default\">\n\t\t\t\t<div class=\"elementor-widget-container\">\n\t\t\t\t\t\t\t\t\t<p><b>Nom de l\u2019h\u00e9bergeur<\/b> : OVH\u00a0<br \/><b>Adresse<\/b> : 2, rue Kellermann, 59100 Roubaix.<br \/><b>Site web <\/b>: www.ovhcloud.com\/fr<br \/><b>Raison Social<\/b>: SAS<\/p>\t\t\t\t\t\t\t\t<\/div>\n\t\t\t\t<\/div>\n\t\t\t\t<div class=\"elementor-element elementor-element-3551b22 elementor-widget-divider--view-line elementor-widget elementor-widget-divider\" data-id=\"3551b22\" data-element_type=\"widget\" data-widget_type=\"divider.default\">\n\t\t\t\t<div class=\"elementor-widget-container\">\n\t\t\t\t\t\t\t<div class=\"elementor-divider\">\n\t\t\t<span class=\"elementor-divider-separator\">\n\t\t\t\t\t\t<\/span>\n\t\t<\/div>\n\t\t\t\t\t\t<\/div>\n\t\t\t\t<\/div>\n\t\t\t\t<\/div>\n\t\t<div class=\"elementor-element elementor-element-7969663 e-con-full e-flex e-con e-child\" data-id=\"7969663\" data-element_type=\"container\">\n\t\t\t\t<div class=\"elementor-element elementor-element-4ad500c elementor-widget elementor-widget-heading\" data-id=\"4ad500c\" data-element_type=\"widget\" data-widget_type=\"heading.default\">\n\t\t\t\t<div class=\"elementor-widget-container\">\n\t\t\t\t\t<h2 class=\"elementor-heading-title elementor-size-default\">3. Propri\u00e9t\u00e9 intellectuelle<\/h2>\t\t\t\t<\/div>\n\t\t\t\t<\/div>\n\t\t\t\t<div class=\"elementor-element elementor-element-2ed0c3a elementor-widget elementor-widget-text-editor\" data-id=\"2ed0c3a\" data-element_type=\"widget\" data-widget_type=\"text-editor.default\">\n\t\t\t\t<div class=\"elementor-widget-container\">\n\t\t\t\t\t\t\t\t\t<p class=\"\" data-start=\"726\" data-end=\"994\">L\u2019ensemble du contenu du site <a href=\"https:\/\/septem-decolletage.com\">https:\/\/septem-decolletage.com<\/a> (textes, images, graphismes, logo, vid\u00e9os, &#8230;) est la propri\u00e9t\u00e9 exclusive de Septem, sauf mention contraire, et est prot\u00e9g\u00e9 par les lois en vigueur sur la propri\u00e9t\u00e9 intellectuelle.<\/p><p class=\"\" data-start=\"996\" data-end=\"1229\">Toute reproduction, repr\u00e9sentation, modification, publication, adaptation de tout ou partie des \u00e9l\u00e9ments du site, quel que soit le moyen ou le proc\u00e9d\u00e9 utilis\u00e9, est interdite, sauf autorisation \u00e9crite pr\u00e9alable de Septem.<\/p>\t\t\t\t\t\t\t\t<\/div>\n\t\t\t\t<\/div>\n\t\t\t\t<div class=\"elementor-element elementor-element-45de450 elementor-widget-divider--view-line elementor-widget elementor-widget-divider\" data-id=\"45de450\" data-element_type=\"widget\" data-widget_type=\"divider.default\">\n\t\t\t\t<div class=\"elementor-widget-container\">\n\t\t\t\t\t\t\t<div class=\"elementor-divider\">\n\t\t\t<span class=\"elementor-divider-separator\">\n\t\t\t\t\t\t<\/span>\n\t\t<\/div>\n\t\t\t\t\t\t<\/div>\n\t\t\t\t<\/div>\n\t\t\t\t<\/div>\n\t\t<div class=\"elementor-element elementor-element-0f35c33 e-con-full e-flex e-con e-child\" data-id=\"0f35c33\" data-element_type=\"container\">\n\t\t\t\t<div class=\"elementor-element elementor-element-dbe1352 elementor-widget elementor-widget-heading\" data-id=\"dbe1352\" data-element_type=\"widget\" data-widget_type=\"heading.default\">\n\t\t\t\t<div class=\"elementor-widget-container\">\n\t\t\t\t\t<h2 class=\"elementor-heading-title elementor-size-default\">4. Donn\u00e9es personnelles<\/h2>\t\t\t\t<\/div>\n\t\t\t\t<\/div>\n\t\t\t\t<div class=\"elementor-element elementor-element-78e9578 elementor-widget elementor-widget-text-editor\" data-id=\"78e9578\" data-element_type=\"widget\" data-widget_type=\"text-editor.default\">\n\t\t\t\t<div class=\"elementor-widget-container\">\n\t\t\t\t\t\t\t\t\t<p class=\"\" data-start=\"726\" data-end=\"994\">Conform\u00e9ment au R\u00e8glement G\u00e9n\u00e9ral sur la Protection des Donn\u00e9es (RGPD), les donn\u00e9es personnelles collect\u00e9es sur le site sont destin\u00e9es exclusivement \u00e0 Septem et ne seront en aucun cas c\u00e9d\u00e9es ou vendues \u00e0 des tiers.<br data-start=\"1484\" data-end=\"1487\" \/>Vous disposez d\u2019un droit d\u2019acc\u00e8s, de rectification, de suppression et d\u2019opposition aux donn\u00e9es vous concernant, que vous pouvez exercer en envoyant un email \u00e0 <a href=\"mailto:contact@septem-decolletage.com\">contact@septem-decolletage.com<\/a>.<\/p>\t\t\t\t\t\t\t\t<\/div>\n\t\t\t\t<\/div>\n\t\t\t\t<div class=\"elementor-element elementor-element-294391b elementor-widget-divider--view-line elementor-widget elementor-widget-divider\" data-id=\"294391b\" data-element_type=\"widget\" data-widget_type=\"divider.default\">\n\t\t\t\t<div class=\"elementor-widget-container\">\n\t\t\t\t\t\t\t<div class=\"elementor-divider\">\n\t\t\t<span class=\"elementor-divider-separator\">\n\t\t\t\t\t\t<\/span>\n\t\t<\/div>\n\t\t\t\t\t\t<\/div>\n\t\t\t\t<\/div>\n\t\t\t\t<\/div>\n\t\t<div class=\"elementor-element elementor-element-b9a6053 e-con-full e-flex e-con e-child\" data-id=\"b9a6053\" data-element_type=\"container\">\n\t\t\t\t<div class=\"elementor-element elementor-element-da79249 elementor-widget elementor-widget-heading\" data-id=\"da79249\" data-element_type=\"widget\" data-widget_type=\"heading.default\">\n\t\t\t\t<div class=\"elementor-widget-container\">\n\t\t\t\t\t<h2 class=\"elementor-heading-title elementor-size-default\">5. Cookies<\/h2>\t\t\t\t<\/div>\n\t\t\t\t<\/div>\n\t\t\t\t<div class=\"elementor-element elementor-element-817a084 elementor-widget elementor-widget-text-editor\" data-id=\"817a084\" data-element_type=\"widget\" data-widget_type=\"text-editor.default\">\n\t\t\t\t<div class=\"elementor-widget-container\">\n\t\t\t\t\t\t\t\t\t<p class=\"\" data-start=\"726\" data-end=\"994\">Le site peut utiliser des cookies pour am\u00e9liorer l\u2019exp\u00e9rience utilisateur. Vous pouvez \u00e0 tout moment d\u00e9sactiver les cookies via les param\u00e8tres de votre navigateur ou sur cette <a href=\"https:\/\/www.dev.septem-decolletage.com\/cookie\/\">page de pr\u00e9f\u00e9rences des cookies<\/a>.<\/p>\t\t\t\t\t\t\t\t<\/div>\n\t\t\t\t<\/div>\n\t\t\t\t<\/div>\n\t\t\t\t\t<\/div>\n\t\t\t\t<\/div>\n\t\t\t\t<\/div>","protected":false},"excerpt":{"rendered":"<p>Mentions l\u00e9gales 1. Informations l\u00e9gales Nom de la soci\u00e9t\u00e9 : Septem d\u00e9colletageForme juridique : SARLAdresse du si\u00e8ge social : 51 [&hellip;]<\/p>","protected":false},"author":1,"featured_media":0,"parent":0,"menu_order":0,"comment_status":"closed","ping_status":"closed","template":"","meta":{"site-sidebar-layout":"no-sidebar","site-content-layout":"","ast-site-content-layout":"full-width-container","site-content-style":"unboxed","site-sidebar-style":"default","ast-global-header-display":"","ast-banner-title-visibility":"","ast-main-header-display":"","ast-hfb-above-header-display":"","ast-hfb-below-header-display":"","ast-hfb-mobile-header-display":"","site-post-title":"disabled","ast-breadcrumbs-content":"","ast-featured-img":"disabled","footer-sml-layout":"","theme-transparent-header-meta":"","adv-header-id-meta":"","stick-header-meta":"","header-above-stick-meta":"","header-main-stick-meta":"","header-below-stick-meta":"","astra-migrate-meta-layouts":"default","ast-page-background-enabled":"default","ast-page-background-meta":{"desktop":{"background-color":"var(--ast-global-color-5)","background-image":"","background-repeat":"repeat","background-position":"center center","background-size":"auto","background-attachment":"scroll","background-type":"","background-media":"","overlay-type":"","overlay-color":"","overlay-opacity":"","overlay-gradient":""},"tablet":{"background-color":"","background-image":"","background-repeat":"repeat","background-position":"center center","background-size":"auto","background-attachment":"scroll","background-type":"","background-media":"","overlay-type":"","overlay-color":"","overlay-opacity":"","overlay-gradient":""},"mobile":{"background-color":"","background-image":"","background-repeat":"repeat","background-position":"center center","background-size":"auto","background-attachment":"scroll","background-type":"","background-media":"","overlay-type":"","overlay-color":"","overlay-opacity":"","overlay-gradient":""}},"ast-content-background-meta":{"desktop":{"background-color":"var(--ast-global-color-4)","background-image":"","background-repeat":"repeat","background-position":"center center","background-size":"auto","background-attachment":"scroll","background-type":"","background-media":"","overlay-type":"","overlay-color":"","overlay-opacity":"","overlay-gradient":""},"tablet":{"background-color":"var(--ast-global-color-4)","background-image":"","background-repeat":"repeat","background-position":"center center","background-size":"auto","background-attachment":"scroll","background-type":"","background-media":"","overlay-type":"","overlay-color":"","overlay-opacity":"","overlay-gradient":""},"mobile":{"background-color":"var(--ast-global-color-4)","background-image":"","background-repeat":"repeat","background-position":"center center","background-size":"auto","background-attachment":"scroll","background-type":"","background-media":"","overlay-type":"","overlay-color":"","overlay-opacity":"","overlay-gradient":""}},"footnotes":""},"class_list":["post-297","page","type-page","status-publish","hentry"],"yoast_head":"<!-- This site is optimized with the Yoast SEO plugin v25.1 - https:\/\/yoast.com\/wordpress\/plugins\/seo\/ -->\n<title>Mentions l\u00e9gales - Septem<\/title>\n<meta name=\"robots\" content=\"noindex, follow, max-snippet:-1, max-image-preview:large, max-video-preview:-1\" \/>\n<meta property=\"og:locale\" content=\"en_US\" \/>\n<meta property=\"og:type\" content=\"article\" \/>\n<meta property=\"og:title\" content=\"Mentions l\u00e9gales - Septem\" \/>\n<meta property=\"og:description\" content=\"Mentions l\u00e9gales 1. Informations l\u00e9gales Nom de la soci\u00e9t\u00e9 : Septem d\u00e9colletageForme juridique : SARLAdresse du si\u00e8ge social : 51 [&hellip;]\" \/>\n<meta property=\"og:url\" content=\"https:\/\/www.dev.septem-decolletage.com\/en\/mentions-legales\/\" \/>\n<meta property=\"og:site_name\" content=\"Septem\" \/>\n<meta property=\"article:modified_time\" content=\"2025-05-14T20:29:48+00:00\" \/>\n<meta name=\"twitter:card\" content=\"summary_large_image\" \/>\n<meta name=\"twitter:label1\" content=\"Est. reading time\" \/>\n\t<meta name=\"twitter:data1\" content=\"2 minutes\" \/>\n<script type=\"application\/ld+json\" class=\"yoast-schema-graph\">{\"@context\":\"https:\/\/schema.org\",\"@graph\":[{\"@type\":\"WebPage\",\"@id\":\"https:\/\/www.dev.septem-decolletage.com\/mentions-legales\/\",\"url\":\"https:\/\/www.dev.septem-decolletage.com\/mentions-legales\/\",\"name\":\"Mentions l\u00e9gales - Septem\",\"isPartOf\":{\"@id\":\"https:\/\/www.dev.septem-decolletage.com\/#website\"},\"datePublished\":\"2025-03-29T15:51:20+00:00\",\"dateModified\":\"2025-05-14T20:29:48+00:00\",\"breadcrumb\":{\"@id\":\"https:\/\/www.dev.septem-decolletage.com\/mentions-legales\/#breadcrumb\"},\"inLanguage\":\"en-US\",\"potentialAction\":[{\"@type\":\"ReadAction\",\"target\":[\"https:\/\/www.dev.septem-decolletage.com\/mentions-legales\/\"]}]},{\"@type\":\"BreadcrumbList\",\"@id\":\"https:\/\/www.dev.septem-decolletage.com\/mentions-legales\/#breadcrumb\",\"itemListElement\":[{\"@type\":\"ListItem\",\"position\":1,\"name\":\"Accueil\",\"item\":\"https:\/\/www.dev.septem-decolletage.com\/\"},{\"@type\":\"ListItem\",\"position\":2,\"name\":\"Mentions l\u00e9gales\"}]},{\"@type\":\"WebSite\",\"@id\":\"https:\/\/www.dev.septem-decolletage.com\/#website\",\"url\":\"https:\/\/www.dev.septem-decolletage.com\/\",\"name\":\"Septem\",\"description\":\"D\u00e9colletage\",\"publisher\":{\"@id\":\"https:\/\/www.dev.septem-decolletage.com\/#organization\"},\"potentialAction\":[{\"@type\":\"SearchAction\",\"target\":{\"@type\":\"EntryPoint\",\"urlTemplate\":\"https:\/\/www.dev.septem-decolletage.com\/?s={search_term_string}\"},\"query-input\":{\"@type\":\"PropertyValueSpecification\",\"valueRequired\":true,\"valueName\":\"search_term_string\"}}],\"inLanguage\":\"en-US\"},{\"@type\":\"Organization\",\"@id\":\"https:\/\/www.dev.septem-decolletage.com\/#organization\",\"name\":\"Septem\",\"url\":\"https:\/\/www.dev.septem-decolletage.com\/\",\"logo\":{\"@type\":\"ImageObject\",\"inLanguage\":\"en-US\",\"@id\":\"https:\/\/www.dev.septem-decolletage.com\/#\/schema\/logo\/image\/\",\"url\":\"https:\/\/www.dev.septem-decolletage.com\/wp-content\/uploads\/2025\/05\/cropped-septem_mecaero.png\",\"contentUrl\":\"https:\/\/www.dev.septem-decolletage.com\/wp-content\/uploads\/2025\/05\/cropped-septem_mecaero.png\",\"width\":500,\"height\":232,\"caption\":\"Septem\"},\"image\":{\"@id\":\"https:\/\/www.dev.septem-decolletage.com\/#\/schema\/logo\/image\/\"}}]}<\/script>\n<!-- \/ Yoast SEO plugin. -->","yoast_head_json":{"title":"Mentions l\u00e9gales - Septem","robots":{"index":"noindex","follow":"follow","max-snippet":"max-snippet:-1","max-image-preview":"max-image-preview:large","max-video-preview":"max-video-preview:-1"},"og_locale":"en_US","og_type":"article","og_title":"Mentions l\u00e9gales - Septem","og_description":"Mentions l\u00e9gales 1. Informations l\u00e9gales Nom de la soci\u00e9t\u00e9 : Septem d\u00e9colletageForme juridique : SARLAdresse du si\u00e8ge social : 51 [&hellip;]","og_url":"https:\/\/www.dev.septem-decolletage.com\/en\/mentions-legales\/","og_site_name":"Septem","article_modified_time":"2025-05-14T20:29:48+00:00","twitter_card":"summary_large_image","twitter_misc":{"Est. reading time":"2 minutes"},"schema":{"@context":"https:\/\/schema.org","@graph":[{"@type":"WebPage","@id":"https:\/\/www.dev.septem-decolletage.com\/mentions-legales\/","url":"https:\/\/www.dev.septem-decolletage.com\/mentions-legales\/","name":"Mentions l\u00e9gales - Septem","isPartOf":{"@id":"https:\/\/www.dev.septem-decolletage.com\/#website"},"datePublished":"2025-03-29T15:51:20+00:00","dateModified":"2025-05-14T20:29:48+00:00","breadcrumb":{"@id":"https:\/\/www.dev.septem-decolletage.com\/mentions-legales\/#breadcrumb"},"inLanguage":"en-US","potentialAction":[{"@type":"ReadAction","target":["https:\/\/www.dev.septem-decolletage.com\/mentions-legales\/"]}]},{"@type":"BreadcrumbList","@id":"https:\/\/www.dev.septem-decolletage.com\/mentions-legales\/#breadcrumb","itemListElement":[{"@type":"ListItem","position":1,"name":"Accueil","item":"https:\/\/www.dev.septem-decolletage.com\/"},{"@type":"ListItem","position":2,"name":"Mentions l\u00e9gales"}]},{"@type":"WebSite","@id":"https:\/\/www.dev.septem-decolletage.com\/#website","url":"https:\/\/www.dev.septem-decolletage.com\/","name":"Septem","description":"D\u00e9colletage","publisher":{"@id":"https:\/\/www.dev.septem-decolletage.com\/#organization"},"potentialAction":[{"@type":"SearchAction","target":{"@type":"EntryPoint","urlTemplate":"https:\/\/www.dev.septem-decolletage.com\/?s={search_term_string}"},"query-input":{"@type":"PropertyValueSpecification","valueRequired":true,"valueName":"search_term_string"}}],"inLanguage":"en-US"},{"@type":"Organization","@id":"https:\/\/www.dev.septem-decolletage.com\/#organization","name":"Septem","url":"https:\/\/www.dev.septem-decolletage.com\/","logo":{"@type":"ImageObject","inLanguage":"en-US","@id":"https:\/\/www.dev.septem-decolletage.com\/#\/schema\/logo\/image\/","url":"https:\/\/www.dev.septem-decolletage.com\/wp-content\/uploads\/2025\/05\/cropped-septem_mecaero.png","contentUrl":"https:\/\/www.dev.septem-decolletage.com\/wp-content\/uploads\/2025\/05\/cropped-septem_mecaero.png","width":500,"height":232,"caption":"Septem"},"image":{"@id":"https:\/\/www.dev.septem-decolletage.com\/#\/schema\/logo\/image\/"}}]}},"_links":{"self":[{"href":"https:\/\/www.dev.septem-decolletage.com\/en\/wp-json\/wp\/v2\/pages\/297","targetHints":{"allow":["GET"]}}],"collection":[{"href":"https:\/\/www.dev.septem-decolletage.com\/en\/wp-json\/wp\/v2\/pages"}],"about":[{"href":"https:\/\/www.dev.septem-decolletage.com\/en\/wp-json\/wp\/v2\/types\/page"}],"author":[{"embeddable":true,"href":"https:\/\/www.dev.septem-decolletage.com\/en\/wp-json\/wp\/v2\/users\/1"}],"replies":[{"embeddable":true,"href":"https:\/\/www.dev.septem-decolletage.com\/en\/wp-json\/wp\/v2\/comments?post=297"}],"version-history":[{"count":0,"href":"https:\/\/www.dev.septem-decolletage.com\/en\/wp-json\/wp\/v2\/pages\/297\/revisions"}],"wp:attachment":[{"href":"https:\/\/www.dev.septem-decolletage.com\/en\/wp-json\/wp\/v2\/media?parent=297"}],"curies":[{"name":"wp","href":"https:\/\/api.w.org\/{rel}","templated":true}]}}